{"id":298,"date":"2017-04-10T19:28:12","date_gmt":"2017-04-10T17:28:12","guid":{"rendered":"http:\/\/www.piepenclub.de\/piepenclub\/?page_id=298"},"modified":"2017-10-03T10:52:28","modified_gmt":"2017-10-03T08:52:28","slug":"pfeifenlied","status":"publish","type":"page","link":"https:\/\/www.piepenclub.de\/?page_id=298","title":{"rendered":"Pfeifenlied"},"content":{"rendered":"<table width=\"692\">\n<tbody>\n<tr>\n<td colspan=\"11\" width=\"593\">\n<table width=\"100%\">\n<tbody>\n<tr>\n<td width=\"186\"><span style=\"color: #993300;\"><strong>Das Pfeifenlied<\/strong><\/span><\/td>\n<\/tr>\n<\/tbody>\n<\/table>\n<table width=\"586\">\n<tbody>\n<tr>\n<td><span style=\"color: #993300;\"><em>des Pfeifenclubs &#8222;Gem\u00fctlichkeit&#8220; von 1892 in Hamburg-Neuengamme, Hinterdeich<\/em><\/span><\/td>\n<\/tr>\n<\/tbody>\n<\/table>\n<p>&nbsp;<\/p>\n<table width=\"100%\">\n<tbody>\n<tr>\n<td width=\"7\"><span style=\"color: #993300;\">\u00a0<\/span><\/td>\n<td width=\"586\"><span style=\"color: #993300;\">\u00a0<\/span><\/td>\n<\/tr>\n<tr>\n<td><span style=\"color: #993300;\">\u00a0<\/span><\/td>\n<td><span style=\"color: #993300;\">Pfeichen, wer hat dich erfunden,<\/span><\/p>\n<p><span style=\"color: #993300;\">wem verdankst du dein Entstehen?, eins-zwei, ist dein Name l\u00e4ngst entschwunden,<\/span><\/p>\n<p><span style=\"color: #993300;\">sag&#8216;, warum, sag&#8216; warum ist das geschehn?, eins-zwei.<\/span><\/p>\n<p><span style=\"color: #993300;\">Wollen Weiber uns verfluchen ,<\/span><\/p>\n<p><span style=\"color: #993300;\">wegen Tabakraucherei, eins-zwei, ei, so wollen wir&#8217;s versuchen,<\/span><\/p>\n<p><span style=\"color: #993300;\">ob das Rauchen oder Saufen sch\u00e4dlich sei, eins-zwei,<\/span><\/p>\n<p><span style=\"color: #993300;\">Komm&#8216; ich abends sp\u00e4t nach Hause<\/span><\/p>\n<p><span style=\"color: #993300;\">und die T\u00fcr verschlossen ist, eins-zwei, nehm&#8216; ich mein Pfeif&#8216; und rauche,<\/span><\/p>\n<p><span style=\"color: #993300;\">bis dieT\u00fcr, bis dieT\u00fcr ge\u00f6ffnet ist, eins-zwei.<\/span><\/p>\n<p><span style=\"color: #993300;\">Will ich dann ins Ehebette,<\/span><\/p>\n<p><span style=\"color: #993300;\">bin zufrieden sch\u00f6n zu Hause&#8216;, eins- zwei<\/span><\/p>\n<p><span style=\"color: #993300;\">dann kommt meine Frau, die Nette,<\/span><\/p>\n<p><span style=\"color: #993300;\">zieht mir Strumpf, zieht mir Strumpf und Stiefel aus, eins-zwei.<\/span><\/p>\n<p><span style=\"color: #993300;\">Lieg&#8216; ich dann bei meiner Mausi,<\/span><\/p>\n<p><span style=\"color: #993300;\">und ich bin ein armer Mann, eins-zwei,<\/span><\/p>\n<p><span style=\"color: #993300;\">dann nimmt sie die Hand und streichelt,<\/span><\/p>\n<p><span style=\"color: #993300;\">bis ich wieder, bis ich wieder pfeifen kann, eins-zwei<\/span><\/p>\n<p><span style=\"color: #993300;\">Mausi schl\u00e4ft dann ohne Sorgen,<\/span><\/p>\n<p><span style=\"color: #993300;\">weil sie meine Pfeife liebt, eins-zwei,<\/span><\/p>\n<p><span style=\"color: #993300;\">und sie singt am n\u00e4chsten Morgen<\/span><\/p>\n<p><span style=\"color: #993300;\">immer noch, immer noch das Pfeifenlied, eins-zwei.<\/span><\/p>\n<p><span style=\"color: #993300;\">Lieg&#8217;ich einst im Sterbebette,<\/span><\/p>\n<p><span style=\"color: #993300;\">und die Pfeife schmeckt nicht mehr, eins-zwei, rauch&#8216; mit jedem um die Wette<\/span><\/p>\n<p><span style=\"color: #993300;\">Zug um Zug, Zug um Zug mein Pfeichen leer, eins-zwei.<\/span><\/p>\n<p><span style=\"color: #993300;\">Lieg&#8217;ich einst im Scho\u00df der Erde,<\/span><\/p>\n<p><span style=\"color: #993300;\">und ich nicht mehr rauchen kann, eins-zwei,<\/span><\/p>\n<p><span style=\"color: #993300;\">leg&#8217;mir meine Pfeif&#8217;zur Seite,<\/span><\/p>\n<p><span style=\"color: #993300;\">meine Pfeife, deine Pfeife schmeckt nicht mehr, eins-zwei.<\/span><\/p>\n<p><span style=\"color: #993300;\">Legt&#8217;aufs Grab mir keine Rosen<\/span><\/p>\n<p><span style=\"color: #993300;\">und auch nicht Vergi\u00dfnichtmein, eins-zwei,<\/span><\/p>\n<p><span style=\"color: #993300;\">nur eine sch\u00f6ne gro\u00dfe Pfeife,<\/span><\/p>\n<p><span style=\"color: #993300;\">eine sch\u00f6ne, gro\u00dfe Pfeife mu\u00df es sein, eins-zwei.<\/span><\/p>\n<h2><a href=\"https:\/\/photos.app.goo.gl\/ohPTPzQhC5Ecmboc2\" target=\"_blank\" rel=\"noopener\">Gesungen ,live und<span style=\"color: #ffcc00;\"> in<\/span> <span style=\"color: #ff0000;\">Farbe<\/span><\/a><\/h2>\n<\/td>\n<\/tr>\n<\/tbody>\n<\/table>\n<\/td>\n<\/tr>\n<\/tbody>\n<\/table>\n","protected":false},"excerpt":{"rendered":"<div class=\"mh-excerpt\"><p>Das Pfeifenlied des Pfeifenclubs &#8222;Gem\u00fctlichkeit&#8220; von 1892 in Hamburg-Neuengamme, Hinterdeich &nbsp; \u00a0 \u00a0 \u00a0 Pfeichen, wer hat dich erfunden, wem verdankst du dein Entstehen?, eins-zwei, <a class=\"mh-excerpt-more\" href=\"https:\/\/www.piepenclub.de\/?page_id=298\" title=\"Pfeifenlied\">[&#8230;]<\/a><\/p>\n<\/div>","protected":false},"author":1,"featured_media":0,"parent":0,"menu_order":0,"comment_status":"closed","ping_status":"closed","template":"","meta":{"footnotes":""},"class_list":["post-298","page","type-page","status-publish","hentry"],"_links":{"self":[{"href":"https:\/\/www.piepenclub.de\/index.php?rest_route=\/wp\/v2\/pages\/298","targetHints":{"allow":["GET"]}}],"collection":[{"href":"https:\/\/www.piepenclub.de\/index.php?rest_route=\/wp\/v2\/pages"}],"about":[{"href":"https:\/\/www.piepenclub.de\/index.php?rest_route=\/wp\/v2\/types\/page"}],"author":[{"embeddable":true,"href":"https:\/\/www.piepenclub.de\/index.php?rest_route=\/wp\/v2\/users\/1"}],"replies":[{"embeddable":true,"href":"https:\/\/www.piepenclub.de\/index.php?rest_route=%2Fwp%2Fv2%2Fcomments&post=298"}],"version-history":[{"count":5,"href":"https:\/\/www.piepenclub.de\/index.php?rest_route=\/wp\/v2\/pages\/298\/revisions"}],"predecessor-version":[{"id":562,"href":"https:\/\/www.piepenclub.de\/index.php?rest_route=\/wp\/v2\/pages\/298\/revisions\/562"}],"wp:attachment":[{"href":"https:\/\/www.piepenclub.de\/index.php?rest_route=%2Fwp%2Fv2%2Fmedia&parent=298"}],"curies":[{"name":"wp","href":"https:\/\/api.w.org\/{rel}","templated":true}]}}