{"id":167,"date":"2017-04-10T13:59:51","date_gmt":"2017-04-10T11:59:51","guid":{"rendered":"http:\/\/www.piepenclub.de\/piepenclub\/?page_id=167"},"modified":"2026-04-03T19:09:37","modified_gmt":"2026-04-03T17:09:37","slug":"grillabend","status":"publish","type":"page","link":"https:\/\/www.piepenclub.de\/?page_id=167","title":{"rendered":"Grillabend"},"content":{"rendered":"<h2><span style=\"color: #993300;\"><br \/>\nSa.15.Aug. 2026\u00a0 \u00a0\u201eGrillabend\u201c um\u00a0 19:00 Uhr<\/span><\/h2>\n<p>Moin liebe Piepenbr\u00fcder,<\/p>\n<p>der N\u00e4chste Termin steht an und dieses Mal wird es kulinarisch\u2026<\/p>\n<p>Damit wir wieder so einen sch\u00f6nen geselligen Abend wie in der Vergangenheit veranstalten k\u00f6nnen, ben\u00f6tigen wir <strong>verbindliche Zusagen bis zum 07. August.<\/strong><\/p>\n<p>Der Kostenbeitrag betr\u00e4gt 20\u20ac p.P. und beinhaltet Fleisch, Wurst und Salate \u201eall you can eat\u201c.<\/p>\n<p>Verbindliche Anmeldungen mit Vorname und Nachname an den Festausschuss.<br \/>\nGerne auch per WhatsApp Nachricht an:<\/p>\n<p>Leif S.<\/p>\n<p>Philipp R.<\/p>\n<p>oder beim Vorstand<\/p>\n<p>Der Festausschuss hofft auf eine rege Beteiligung und einen gem\u00fctlichen Abend.<\/p>\n<p>Gut Zug!<\/p>\n<p>&nbsp;<\/p>\n","protected":false},"excerpt":{"rendered":"<div class=\"mh-excerpt\"><p>Sa.15.Aug. 2026\u00a0 \u00a0\u201eGrillabend\u201c um\u00a0 19:00 Uhr Moin liebe Piepenbr\u00fcder, der N\u00e4chste Termin steht an und dieses Mal wird es kulinarisch\u2026 Damit wir wieder so einen <a class=\"mh-excerpt-more\" href=\"https:\/\/www.piepenclub.de\/?page_id=167\" title=\"Grillabend\">[&#8230;]<\/a><\/p>\n<\/div>","protected":false},"author":1,"featured_media":0,"parent":0,"menu_order":0,"comment_status":"closed","ping_status":"closed","template":"","meta":{"footnotes":""},"class_list":["post-167","page","type-page","status-publish","hentry"],"_links":{"self":[{"href":"https:\/\/www.piepenclub.de\/index.php?rest_route=\/wp\/v2\/pages\/167","targetHints":{"allow":["GET"]}}],"collection":[{"href":"https:\/\/www.piepenclub.de\/index.php?rest_route=\/wp\/v2\/pages"}],"about":[{"href":"https:\/\/www.piepenclub.de\/index.php?rest_route=\/wp\/v2\/types\/page"}],"author":[{"embeddable":true,"href":"https:\/\/www.piepenclub.de\/index.php?rest_route=\/wp\/v2\/users\/1"}],"replies":[{"embeddable":true,"href":"https:\/\/www.piepenclub.de\/index.php?rest_route=%2Fwp%2Fv2%2Fcomments&post=167"}],"version-history":[{"count":20,"href":"https:\/\/www.piepenclub.de\/index.php?rest_route=\/wp\/v2\/pages\/167\/revisions"}],"predecessor-version":[{"id":1026,"href":"https:\/\/www.piepenclub.de\/index.php?rest_route=\/wp\/v2\/pages\/167\/revisions\/1026"}],"wp:attachment":[{"href":"https:\/\/www.piepenclub.de\/index.php?rest_route=%2Fwp%2Fv2%2Fmedia&parent=167"}],"curies":[{"name":"wp","href":"https:\/\/api.w.org\/{rel}","templated":true}]}}