{"id":164,"date":"2017-04-10T13:59:23","date_gmt":"2017-04-10T11:59:23","guid":{"rendered":"http:\/\/www.piepenclub.de\/piepenclub\/?page_id=164"},"modified":"2026-04-03T12:36:02","modified_gmt":"2026-04-03T10:36:02","slug":"johne-pokal","status":"publish","type":"page","link":"https:\/\/www.piepenclub.de\/?page_id=164","title":{"rendered":"Pokalschie\u00dfen"},"content":{"rendered":"<h1><span style=\"color: #ff0000;\">2026<\/span><\/h1>\n<h2><span style=\"color: #993300;\">Wilhelm-Jone-Pokalschie\u00dfen bei der Vierl\u00e4nder Sch\u00fctzengesellschaft von 1592 e.V.<\/span><\/h2>\n<h5><span style=\"color: #993300;\"><b>Du hast Lust Kleinkaliber Gewehr zu schie\u00dfen ? Wir k\u00f6nnen jeden Pfeifenbruder gebrauchen, melde dich an<\/b><\/span><\/h5>\n<h5><\/h5>\n<h4><span style=\"color: #993300;\">Termin : Ein Freitag im Mai\/Juni\u00a0 \u00a0 \u00a0 \u00a019 Uhr<\/span><\/h4>\n<p>genauer Termin \u00fcber WhatsApp<\/p>\n<h5><\/h5>\n<h3><\/h3>\n<p>&nbsp;<\/p>\n","protected":false},"excerpt":{"rendered":"<div class=\"mh-excerpt\"><p>2026 Wilhelm-Jone-Pokalschie\u00dfen bei der Vierl\u00e4nder Sch\u00fctzengesellschaft von 1592 e.V. Du hast Lust Kleinkaliber Gewehr zu schie\u00dfen ? Wir k\u00f6nnen jeden Pfeifenbruder gebrauchen, melde dich an <a class=\"mh-excerpt-more\" href=\"https:\/\/www.piepenclub.de\/?page_id=164\" title=\"Pokalschie\u00dfen\">[&#8230;]<\/a><\/p>\n<\/div>","protected":false},"author":1,"featured_media":0,"parent":0,"menu_order":0,"comment_status":"closed","ping_status":"closed","template":"","meta":{"footnotes":""},"class_list":["post-164","page","type-page","status-publish","hentry"],"_links":{"self":[{"href":"https:\/\/www.piepenclub.de\/index.php?rest_route=\/wp\/v2\/pages\/164","targetHints":{"allow":["GET"]}}],"collection":[{"href":"https:\/\/www.piepenclub.de\/index.php?rest_route=\/wp\/v2\/pages"}],"about":[{"href":"https:\/\/www.piepenclub.de\/index.php?rest_route=\/wp\/v2\/types\/page"}],"author":[{"embeddable":true,"href":"https:\/\/www.piepenclub.de\/index.php?rest_route=\/wp\/v2\/users\/1"}],"replies":[{"embeddable":true,"href":"https:\/\/www.piepenclub.de\/index.php?rest_route=%2Fwp%2Fv2%2Fcomments&post=164"}],"version-history":[{"count":27,"href":"https:\/\/www.piepenclub.de\/index.php?rest_route=\/wp\/v2\/pages\/164\/revisions"}],"predecessor-version":[{"id":1024,"href":"https:\/\/www.piepenclub.de\/index.php?rest_route=\/wp\/v2\/pages\/164\/revisions\/1024"}],"wp:attachment":[{"href":"https:\/\/www.piepenclub.de\/index.php?rest_route=%2Fwp%2Fv2%2Fmedia&parent=164"}],"curies":[{"name":"wp","href":"https:\/\/api.w.org\/{rel}","templated":true}]}}