{"id":153,"date":"2017-04-10T13:47:59","date_gmt":"2017-04-10T11:47:59","guid":{"rendered":"http:\/\/www.piepenclub.de\/piepenclub\/?page_id=153"},"modified":"2026-04-03T19:35:43","modified_gmt":"2026-04-03T17:35:43","slug":"herrenabend","status":"publish","type":"page","link":"https:\/\/www.piepenclub.de\/?page_id=153","title":{"rendered":"Herrenabend"},"content":{"rendered":"<h2><span style=\"color: #993300;\">Herrenabend 2027<\/span><\/h2>\n<h3><span style=\"color: #993300;\">Sa. 16. Januar 19:00 Uhr\u00a0<\/span><\/h3>\n<p><strong><span style=\"color: #ff0000;\">Anmeldungen bis sp\u00e4testens ! zum 8. Januar\u00a0 beim:\u00a0 Vorstand oder Festausschuss\u00a0<\/span><\/strong><\/p>\n<p>&nbsp;<\/p>\n<h4><span style=\"color: #993300;\">Traditionell gibt es\u00a0\u201cRookflesch und Grood Kl\u00fct\u201d im Wechsel mit Gr\u00fcnkohl. Dies wird vorher auf der Herbstversammlung beschlossen, die leicht turbulent, wird wenn andere Vorschl\u00e4ge zur Abstimmung kommen.<\/span><br \/>\n<span style=\"color: #993300;\"> Zum Herrenabend bringt jeder einen Gewinn mit, der nach dem Essen auf unserer Traditionskegelbahn ausgekegelt wird.<\/span><\/h4>\n<h4><span style=\"color: #993300;\">Herrenabend 2019<\/span><\/h4>\n<p><span style=\"color: #993300;\">Wie auf der Herbstversammlung beschlossen; gab es Spanferkel mit diversen Beilagen.<\/span><\/p>\n<h4><span style=\"color: #993300;\">Herrenabend 2018<\/span><\/h4>\n<p><span style=\"color: #993300;\">Es gab reichlich und lecker Gr\u00fcnkohl, Kartoffel, R\u00f6stkartoffel, Kasseler, Schweinebacke, Kohlwurst und Senf.<\/span><\/p>\n<h4>\u00a0<span style=\"color: #993300;\">Herrenabend 2013<\/span><\/h4>\n<p><span style=\"color: #993300;\">Nach den Feiertagen gab es wieder reichlich viele hungrige Pfeifenbr\u00fcder,die es sich bei \u201cRookflesch und Grood Kl\u00fct\u201dso richtig schmecken liessen. Nach dem Essen ehrte unser Pr\u00e4ses noch die Mitglieder Mathias und Arne f\u00fcr 25 J\u00e4hre Mitgliedschaft. Dann gab er die Kegelbahn frei.Unser Ehrenmitglied Wolf-Dieter lie\u00df es sich nicht nehmen ,bei den ersten Durchg\u00e4ngen die Kegel aufzustellen .Es siegte am Ende unser Pfeifenbruder Andreas.<\/span><\/p>\n<p><span style=\"color: #993300;\">Die Sportveranstaltung endete dann so um 3 Uhr<\/span><\/p>\n<p>&nbsp;<\/p>\n","protected":false},"excerpt":{"rendered":"<div class=\"mh-excerpt\"><p>Herrenabend 2027 Sa. 16. Januar 19:00 Uhr\u00a0 Anmeldungen bis sp\u00e4testens ! zum 8. Januar\u00a0 beim:\u00a0 Vorstand oder Festausschuss\u00a0 &nbsp; Traditionell gibt es\u00a0\u201cRookflesch und Grood Kl\u00fct\u201d <a class=\"mh-excerpt-more\" href=\"https:\/\/www.piepenclub.de\/?page_id=153\" title=\"Herrenabend\">[&#8230;]<\/a><\/p>\n<\/div>","protected":false},"author":1,"featured_media":0,"parent":0,"menu_order":0,"comment_status":"closed","ping_status":"closed","template":"","meta":{"footnotes":""},"class_list":["post-153","page","type-page","status-publish","hentry"],"_links":{"self":[{"href":"https:\/\/www.piepenclub.de\/index.php?rest_route=\/wp\/v2\/pages\/153","targetHints":{"allow":["GET"]}}],"collection":[{"href":"https:\/\/www.piepenclub.de\/index.php?rest_route=\/wp\/v2\/pages"}],"about":[{"href":"https:\/\/www.piepenclub.de\/index.php?rest_route=\/wp\/v2\/types\/page"}],"author":[{"embeddable":true,"href":"https:\/\/www.piepenclub.de\/index.php?rest_route=\/wp\/v2\/users\/1"}],"replies":[{"embeddable":true,"href":"https:\/\/www.piepenclub.de\/index.php?rest_route=%2Fwp%2Fv2%2Fcomments&post=153"}],"version-history":[{"count":20,"href":"https:\/\/www.piepenclub.de\/index.php?rest_route=\/wp\/v2\/pages\/153\/revisions"}],"predecessor-version":[{"id":1036,"href":"https:\/\/www.piepenclub.de\/index.php?rest_route=\/wp\/v2\/pages\/153\/revisions\/1036"}],"wp:attachment":[{"href":"https:\/\/www.piepenclub.de\/index.php?rest_route=%2Fwp%2Fv2%2Fmedia&parent=153"}],"curies":[{"name":"wp","href":"https:\/\/api.w.org\/{rel}","templated":true}]}}