{"id":142,"date":"2017-04-10T13:42:03","date_gmt":"2017-04-10T11:42:03","guid":{"rendered":"http:\/\/www.piepenclub.de\/piepenclub\/?page_id=142"},"modified":"2026-04-03T19:23:01","modified_gmt":"2026-04-03T17:23:01","slug":"volkstrauertag","status":"publish","type":"page","link":"https:\/\/www.piepenclub.de\/?page_id=142","title":{"rendered":"Volkstrauertag"},"content":{"rendered":"<h2><span style=\"color: #993300;\">Volkstrauertag in der Neuengammer Kirche<\/span><\/h2>\n<h3><span style=\"color: #800000;\">Sonntag 15.November 2026 um 10 Uhr<br \/>\nTreffen\u00a0 um 9:15 Uhr <\/span><\/h3>\n<h3><span style=\"color: #800000;\">Feldstegel 52<\/span><\/h3>\n<p><span style=\"color: #993300;\">Viele Jahre versammelten sich die Pfeifenbr\u00fcder im alten Keller von Klaus an der Foortstegel um mit dem Banner vorweg zum Gottesdienst anl\u00e4sslich des Volkstrauertages zu gehen. Anschlie\u00dfend legt im Wechsel immer ein Verein des Dorfes einen Kranz am Ehrenmal nieder, und h\u00e4lt eine Gedenkrede.<\/span><\/p>\n<p><span style=\"color: #993300;\">2026 legte der Pfeifenclub Gem\u00fctlichkeit einen Kranz nieder und unser Pfeifenbruder\u00a0 hielt eine kurze Rede am Gedenkstein. Dies wurde wie immer mit besinnlicher Musik der Feuerwehrkapelle Neuengamme umrahmt.<\/span><\/p>\n","protected":false},"excerpt":{"rendered":"<div class=\"mh-excerpt\"><p>Volkstrauertag in der Neuengammer Kirche Sonntag 15.November 2026 um 10 Uhr Treffen\u00a0 um 9:15 Uhr Feldstegel 52 Viele Jahre versammelten sich die Pfeifenbr\u00fcder im alten <a class=\"mh-excerpt-more\" href=\"https:\/\/www.piepenclub.de\/?page_id=142\" title=\"Volkstrauertag\">[&#8230;]<\/a><\/p>\n<\/div>","protected":false},"author":1,"featured_media":0,"parent":0,"menu_order":0,"comment_status":"closed","ping_status":"closed","template":"","meta":{"footnotes":""},"class_list":["post-142","page","type-page","status-publish","hentry"],"_links":{"self":[{"href":"https:\/\/www.piepenclub.de\/index.php?rest_route=\/wp\/v2\/pages\/142","targetHints":{"allow":["GET"]}}],"collection":[{"href":"https:\/\/www.piepenclub.de\/index.php?rest_route=\/wp\/v2\/pages"}],"about":[{"href":"https:\/\/www.piepenclub.de\/index.php?rest_route=\/wp\/v2\/types\/page"}],"author":[{"embeddable":true,"href":"https:\/\/www.piepenclub.de\/index.php?rest_route=\/wp\/v2\/users\/1"}],"replies":[{"embeddable":true,"href":"https:\/\/www.piepenclub.de\/index.php?rest_route=%2Fwp%2Fv2%2Fcomments&post=142"}],"version-history":[{"count":18,"href":"https:\/\/www.piepenclub.de\/index.php?rest_route=\/wp\/v2\/pages\/142\/revisions"}],"predecessor-version":[{"id":1031,"href":"https:\/\/www.piepenclub.de\/index.php?rest_route=\/wp\/v2\/pages\/142\/revisions\/1031"}],"wp:attachment":[{"href":"https:\/\/www.piepenclub.de\/index.php?rest_route=%2Fwp%2Fv2%2Fmedia&parent=142"}],"curies":[{"name":"wp","href":"https:\/\/api.w.org\/{rel}","templated":true}]}}