{"id":131,"date":"2017-04-10T19:18:19","date_gmt":"2017-04-10T17:18:19","guid":{"rendered":"http:\/\/www.piepenclub.de\/piepenclub\/?page_id=131"},"modified":"2026-04-09T08:13:23","modified_gmt":"2026-04-09T06:13:23","slug":"kontakt","status":"publish","type":"page","link":"https:\/\/www.piepenclub.de\/?page_id=131","title":{"rendered":"Kontakt"},"content":{"rendered":"<p><b>\u201cPfeifenclub Gem\u00fctlichkeit\u201d von 1892\u00a0<\/b><\/p>\n<p>Vereinslokal : Gasthof K\u00fccken Neuengammer Hinterdeich<\/p>\n<p>1. Vorsitzender\u00a0\u00a0\u00a0\u00a0\u00a0Dirk Scheel<\/p>\n<p>Neuengammer Hinterdeich 94<\/p>\n<p><u>21037 Hamburg \u00a0<\/u><\/p>\n<p>Mobil\u00a0 0171 5300139<\/p>\n<p>&nbsp;<\/p>\n<p>Mitglied im\u00a0 <a href=\"http:\/\/www.vdp-pfeifenverband.de\/\" target=\"_blank\" rel=\"noopener\"><b>VDP &#8211; Verband deutscher Pfeifenrauchere.V.<\/b><\/a><\/p>\n<p><b><a href=\"mailto:webmaster@piepenclub.de\">Der Webmaster<\/a><\/b><\/p>\n<p>&nbsp;<\/p>\n<p><b>Distanzierung und\u00a0 Haftungsausschluss.<\/b>Mit Urteil vom 12. Mai 1998 &#8211; 312 O 85\/98 hat das Hamburger Landgericht\u00a0 entschieden, dass man durch die Anbringung eines Links die Inhalte der gelinkten\u00a0 Seite ggf. mit zu verantworten hat.Dies kann nur durch Distanzierung verhindert werden. Hiermit distanziert sich der verantwortliche Autor dieser Seiten und der Pfeifenclub Gem\u00fctlichkeit von den Links und den Inhalten dieser Seiten. Der Haftungsausschlu\u00df gilt auch f\u00fcr unsere Webseite<\/p>\n<p>&nbsp;<\/p>\n","protected":false},"excerpt":{"rendered":"<div class=\"mh-excerpt\"><p>\u201cPfeifenclub Gem\u00fctlichkeit\u201d von 1892\u00a0 Vereinslokal : Gasthof K\u00fccken Neuengammer Hinterdeich 1. Vorsitzender\u00a0\u00a0\u00a0\u00a0\u00a0Dirk Scheel Neuengammer Hinterdeich 94 21037 Hamburg \u00a0 Mobil\u00a0 0171 5300139 &nbsp; Mitglied im\u00a0 <a class=\"mh-excerpt-more\" href=\"https:\/\/www.piepenclub.de\/?page_id=131\" title=\"Kontakt\">[&#8230;]<\/a><\/p>\n<\/div>","protected":false},"author":1,"featured_media":0,"parent":0,"menu_order":0,"comment_status":"closed","ping_status":"closed","template":"","meta":{"footnotes":""},"class_list":["post-131","page","type-page","status-publish","hentry"],"_links":{"self":[{"href":"https:\/\/www.piepenclub.de\/index.php?rest_route=\/wp\/v2\/pages\/131","targetHints":{"allow":["GET"]}}],"collection":[{"href":"https:\/\/www.piepenclub.de\/index.php?rest_route=\/wp\/v2\/pages"}],"about":[{"href":"https:\/\/www.piepenclub.de\/index.php?rest_route=\/wp\/v2\/types\/page"}],"author":[{"embeddable":true,"href":"https:\/\/www.piepenclub.de\/index.php?rest_route=\/wp\/v2\/users\/1"}],"replies":[{"embeddable":true,"href":"https:\/\/www.piepenclub.de\/index.php?rest_route=%2Fwp%2Fv2%2Fcomments&post=131"}],"version-history":[{"count":13,"href":"https:\/\/www.piepenclub.de\/index.php?rest_route=\/wp\/v2\/pages\/131\/revisions"}],"predecessor-version":[{"id":1040,"href":"https:\/\/www.piepenclub.de\/index.php?rest_route=\/wp\/v2\/pages\/131\/revisions\/1040"}],"wp:attachment":[{"href":"https:\/\/www.piepenclub.de\/index.php?rest_route=%2Fwp%2Fv2%2Fmedia&parent=131"}],"curies":[{"name":"wp","href":"https:\/\/api.w.org\/{rel}","templated":true}]}}