{"id":124,"date":"2017-04-10T12:05:03","date_gmt":"2017-04-10T10:05:03","guid":{"rendered":"http:\/\/www.piepenclub.de\/piepenclub\/?page_id=124"},"modified":"2017-04-14T12:12:17","modified_gmt":"2017-04-14T10:12:17","slug":"damen","status":"publish","type":"page","link":"https:\/\/www.piepenclub.de\/?page_id=124","title":{"rendered":"Damen"},"content":{"rendered":"<h5><span style=\"color: #993300;\"><img loading=\"lazy\" decoding=\"async\" class=\"alignnone size-medium wp-image-407\" src=\"https:\/\/www.piepenclub.de\/wp-content\/uploads\/2017\/04\/30-Jahre-Gem\u00fctliche-Pfeife-web2-300x200.jpg\" alt=\"\" width=\"300\" height=\"200\" srcset=\"https:\/\/www.piepenclub.de\/wp-content\/uploads\/2017\/04\/30-Jahre-Gem\u00fctliche-Pfeife-web2-300x200.jpg 300w, https:\/\/www.piepenclub.de\/wp-content\/uploads\/2017\/04\/30-Jahre-Gem\u00fctliche-Pfeife-web2-768x512.jpg 768w, https:\/\/www.piepenclub.de\/wp-content\/uploads\/2017\/04\/30-Jahre-Gem\u00fctliche-Pfeife-web2-1024x683.jpg 1024w\" sizes=\"auto, (max-width: 300px) 100vw, 300px\" \/><\/span><\/h5>\n<h5><span style=\"color: #993300;\">Die \u201cGem\u00fctliche Pfeife\u201d<\/span><br \/>\n<span style=\"color: #993300;\">Da der Pfeifenclub Gem\u00fctlichkeit ein reiner M\u00e4nnerverein ist, haben einige Damen die Gem\u00fctliche Pfeife gegr\u00fcndet.<\/span><\/h5>\n<p>&nbsp;<\/p>\n","protected":false},"excerpt":{"rendered":"<div class=\"mh-excerpt\"><p>Die \u201cGem\u00fctliche Pfeife\u201d Da der Pfeifenclub Gem\u00fctlichkeit ein reiner M\u00e4nnerverein ist, haben einige Damen die Gem\u00fctliche Pfeife gegr\u00fcndet. &nbsp;<\/p>\n<\/div>","protected":false},"author":1,"featured_media":0,"parent":0,"menu_order":0,"comment_status":"closed","ping_status":"closed","template":"","meta":{"footnotes":""},"class_list":["post-124","page","type-page","status-publish","hentry"],"_links":{"self":[{"href":"https:\/\/www.piepenclub.de\/index.php?rest_route=\/wp\/v2\/pages\/124","targetHints":{"allow":["GET"]}}],"collection":[{"href":"https:\/\/www.piepenclub.de\/index.php?rest_route=\/wp\/v2\/pages"}],"about":[{"href":"https:\/\/www.piepenclub.de\/index.php?rest_route=\/wp\/v2\/types\/page"}],"author":[{"embeddable":true,"href":"https:\/\/www.piepenclub.de\/index.php?rest_route=\/wp\/v2\/users\/1"}],"replies":[{"embeddable":true,"href":"https:\/\/www.piepenclub.de\/index.php?rest_route=%2Fwp%2Fv2%2Fcomments&post=124"}],"version-history":[{"count":7,"href":"https:\/\/www.piepenclub.de\/index.php?rest_route=\/wp\/v2\/pages\/124\/revisions"}],"predecessor-version":[{"id":432,"href":"https:\/\/www.piepenclub.de\/index.php?rest_route=\/wp\/v2\/pages\/124\/revisions\/432"}],"wp:attachment":[{"href":"https:\/\/www.piepenclub.de\/index.php?rest_route=%2Fwp%2Fv2%2Fmedia&parent=124"}],"curies":[{"name":"wp","href":"https:\/\/api.w.org\/{rel}","templated":true}]}}